{"id":17,"date":"2020-02-14T19:35:50","date_gmt":"2020-02-14T18:35:50","guid":{"rendered":"https:\/\/www.xavierrassel.be\/?page_id=17"},"modified":"2020-03-10T23:09:43","modified_gmt":"2020-03-10T22:09:43","slug":"mes-activites","status":"publish","type":"page","link":"https:\/\/www.xavierrassel.be\/?page_id=17","title":{"rendered":"Mes activit\u00e9s"},"content":{"rendered":"<p>[vc_row][vc_column][vc_custom_heading text=&#8221;Mes activit\u00e9s&#8221; font_container=&#8221;tag:h2|font_size:48|text_align:center|color:%23444444&#8243; google_fonts=&#8221;font_family:Open%20Sans%3A300%2C300italic%2Cregular%2Citalic%2C600%2C600italic%2C700%2C700italic%2C800%2C800italic|font_style:300%20light%20regular%3A300%3Anormal&#8221; css=&#8221;.vc_custom_1583878182833{padding-top: 60px !important;padding-bottom: 60px !important;}&#8221;][vc_separator color=&#8221;custom&#8221; accent_color=&#8221;#efefef&#8221;][vc_column_text]<\/p>\n<article id=\"page-7\" class=\"begin-content\">\n<h3><strong>1. La psychoth\u00e9rapie<\/strong><\/h3>\n<p>Mon approche de la psychoth\u00e9rapie int\u00e8gre donc l\u2019hypnose et l\u2019hypnoth\u00e9rapie \u00e0 d\u2019autres approches th\u00e9rapeutiques apprises r\u00e9cemment ou lors de mes formations ant\u00e9rieures.<\/p>\n<p>Le traitement que je propose vise une s\u00e9rie de probl\u00e8mes vari\u00e9s\u00a0: s\u00e9quelles de traumatismes, anxi\u00e9t\u00e9, phobies, d\u00e9pression, tabagisme, douleurs chroniques, probl\u00e8mes caus\u00e9s ou aggrav\u00e9s par des facteurs psychologiques, probl\u00e8mes sexuels\u2026 Pour une description plus d\u00e9taill\u00e9e de ces applications cliniques voir l\u2019onglet \u00ab\u00a0Pr\u00e9sentation\u00a0\u00bb, 1. Mon approche de la psychoth\u00e9rapie.<\/p>\n<h3><strong>2. L\u2019hypnose pour l\u2019arr\u00eat du tabac<\/strong><\/h3>\n<p>En quatre s\u00e9ances, comprenant notamment\u00a0:<\/p>\n<p>\u2013 Une \u00e9valuation des motivations de la personne candidate pour l\u2019arr\u00eat du tabac.<\/p>\n<p>\u2013 La mise en place d\u2019activit\u00e9s de substitution pour faire face \u00e0 l\u2019envie de fumer.<\/p>\n<p>\u2013 Des s\u00e9ances d\u2019hypnose comprenant des suggestions, notamment d\u2019indiff\u00e9rence envers le tabac.<\/p>\n<p>\u2013 L\u2019apprentissage de l\u2019autohypnose.<\/p>\n<p>\u2013 Des strat\u00e9gies de maintien \u00e0 long terme et de contr\u00f4le du poids.<\/p>\n<p>Ce protocole peut se d\u00e9rouler individuellement ou en groupe de 4-6 participants.<\/p>\n<h3><strong>3. La formation<\/strong><\/h3>\n<p>Elle s\u2019adresse aux professionnels de la relation d\u2019aide ainsi qu\u2019aux \u00e9tudiants en psychologie d\u00e9sireux d\u2019apprendre les interventions de base en hypnose et en hypnoth\u00e9rapie.<\/p>\n<p>En matin\u00e9es en petits groupes de 4 ou de 6 participants. Les techniques de base de l\u2019hypnose clinique et de l\u2019hypnose \u00e9ricksonienne sont enseign\u00e9es. En outre, chaque participant aura l\u2019occasion de travailler avec un partenaire en tant qu\u2019intervenant form\u00e9 \u00e0 l\u2019hypnose.<\/p>\n<p>Le programme complet de cette formation de base n\u2019est pas encore \u00e9tabli.<\/p>\n<h3><strong>4. La supervision<\/strong><\/h3>\n<p>Destin\u00e9e aux professionnels de la relation d\u2019aide form\u00e9s \u00e0 diverses approches dont l\u2019hypnose et l\u2019hypnoth\u00e9rapie. Elle concerne les techniques th\u00e9rapeutiques, l\u2019\u00e9laboration de protocoles et de plans de traitement ainsi que la r\u00e9solution des difficult\u00e9s relationnelles rencontr\u00e9es avec les personnes qui consultent. \u00c0 la demande de la personne venant en supervision, ses difficult\u00e9s d\u2019ordre personnel susceptibles d\u2019interf\u00e9rer avec sa pratique peuvent \u00eatre abord\u00e9es. Les m\u00e9thodes utilis\u00e9es sont principalement l\u2019hypnose, l\u2019hypnoth\u00e9rapie, l\u2019approche psychanalytique, l\u2019analyse transactionnelle, la th\u00e9rapie comportementale et cognitive, la th\u00e9rapie des sch\u00e9mas, des techniques utilisant les stimulations alternatives, ainsi que les techniques de la psychologie de l\u2019\u00e9nergie.<\/p>\n<\/article>\n<p>[\/vc_column_text]<div class=\"ult-spacer spacer-6a09549f5e199\" data-id=\"6a09549f5e199\" data-height=\"110\" data-height-mobile=\"110\" data-height-tab=\"110\" data-height-tab-portrait=\"\" data-height-mobile-landscape=\"\" style=\"clear:both;display:block;\"><\/div>[\/vc_column][\/vc_row]<\/p>\n","protected":false},"excerpt":{"rendered":"<p class=\"card-text\">[vc_row][vc_column][vc_custom_heading text=&#8221;Mes activit\u00e9s&#8221; font_container=&#8221;tag:h2|font_size:48|text_align:center|color:%23444444&#8243; google_fonts=&#8221;font_family:Open%20Sans%3A300%2C300italic%2Cregular%2Citalic%2C600%2C600italic%2C700%2C700italic%2C800%2C800italic|font_style:300%20light%20regular%3A300%3Anormal&#8221; css=&#8221;.vc_custom_1583878182833{padding-top: 60px !important;padding-bottom: 60px !important;}&#8221;][vc_separator color=&#8221;custom&#8221; accent_color=&#8221;#efefef&#8221;][vc_column_text] 1. La psychoth\u00e9rapie Mon approche de la psychoth\u00e9rapie int\u00e8gre donc l\u2019hypnose et l\u2019hypnoth\u00e9rapie \u00e0 d\u2019autres approches th\u00e9rapeutiques apprises r\u00e9cemment ou lors de mes formations ant\u00e9rieures. Le traitement que je propose vise une s\u00e9rie de probl\u00e8mes vari\u00e9s\u00a0: s\u00e9quelles de traumatismes, anxi\u00e9t\u00e9, phobies, d\u00e9pression, tabagisme, [&#8230;]<\/p>\n<p class=\"m-0\"><a class=\"btn btn-outline-secondary btn-read-more\" href=\"https:\/\/www.xavierrassel.be\/?page_id=17\">Read More<\/a><\/p>\n","protected":false},"author":3,"featured_media":0,"parent":0,"menu_order":0,"comment_status":"closed","ping_status":"closed","template":"","meta":{"footnotes":""},"class_list":["post-17","page","type-page","status-publish","hentry"],"_links":{"self":[{"href":"https:\/\/www.xavierrassel.be\/index.php?rest_route=\/wp\/v2\/pages\/17","targetHints":{"allow":["GET"]}}],"collection":[{"href":"https:\/\/www.xavierrassel.be\/index.php?rest_route=\/wp\/v2\/pages"}],"about":[{"href":"https:\/\/www.xavierrassel.be\/index.php?rest_route=\/wp\/v2\/types\/page"}],"author":[{"embeddable":true,"href":"https:\/\/www.xavierrassel.be\/index.php?rest_route=\/wp\/v2\/users\/3"}],"replies":[{"embeddable":true,"href":"https:\/\/www.xavierrassel.be\/index.php?rest_route=%2Fwp%2Fv2%2Fcomments&post=17"}],"version-history":[{"count":4,"href":"https:\/\/www.xavierrassel.be\/index.php?rest_route=\/wp\/v2\/pages\/17\/revisions"}],"predecessor-version":[{"id":118,"href":"https:\/\/www.xavierrassel.be\/index.php?rest_route=\/wp\/v2\/pages\/17\/revisions\/118"}],"wp:attachment":[{"href":"https:\/\/www.xavierrassel.be\/index.php?rest_route=%2Fwp%2Fv2%2Fmedia&parent=17"}],"curies":[{"name":"wp","href":"https:\/\/api.w.org\/{rel}","templated":true}]}}