{"id":25,"date":"2020-02-14T19:44:00","date_gmt":"2020-02-14T18:44:00","guid":{"rendered":"https:\/\/www.xavierrassel.be\/?page_id=25"},"modified":"2025-01-02T16:11:29","modified_gmt":"2025-01-02T15:11:29","slug":"accueil","status":"publish","type":"page","link":"https:\/\/www.xavierrassel.be\/","title":{"rendered":"Accueil"},"content":{"rendered":"<p>[vc_row][vc_column]<div class=\"ult-spacer spacer-6a0948790a145\" data-id=\"6a0948790a145\" data-height=\"60\" data-height-mobile=\"60\" data-height-tab=\"60\" data-height-tab-portrait=\"\" data-height-mobile-landscape=\"\" style=\"clear:both;display:block;\"><\/div>[\/vc_column][\/vc_row][vc_row][vc_column][vc_custom_heading text=&#8221;XAVIER RASSEL &#8211; PSYCHOLOGUE&#8221; font_container=&#8221;tag:h2|font_size:36|text_align:center|color:%23444444&#8243; google_fonts=&#8221;font_family:Oxygen%3A300%2Cregular%2C700|font_style:400%20regular%3A400%3Anormal&#8221;][vc_separator color=&#8221;custom&#8221; el_width=&#8221;10&#8243; accent_color=&#8221;#188f93&#8243;][vc_column_text]<\/p>\n<div class=\"wpb_text_column wpb_content_element \">\n<div class=\"wpb_wrapper\">\n<p style=\"text-align: center;\"><span style=\"color: #686868;\">Psychologue clinicien (visa et agr\u00e9ment).<br \/>\nFormation extensive en Analyse Transactionnelle.<br \/>\n<\/span><span style=\"color: #686868;\">Certifi\u00e9 expert praticien en hypnoth\u00e9rapie.<\/span><br \/>\n<span style=\"color: #686868;\">Qualifi\u00e9 en hypnose et en approche communicationnelle \u00e9ricksonienne.<\/span><br \/>\n<span style=\"color: #686868;\">Membre effectif de l\u2019Association Europ\u00e9enne de Th\u00e9rapie Familiale.<\/span><br \/>\n<span style=\"color: #686868;\">Membre de l\u2019Association Belge pour l\u2019Intervention et la<br \/>\nPsychoth\u00e9rapie Familiale Syst\u00e9mique.<br \/>\n<\/span><span style=\"color: #686868;\">Psychoth\u00e9rapeute int\u00e9gratif.<\/span><br \/>\n<span style=\"color: #686868;\">Formateur. Superviseur.<br \/>\n<\/span><\/p>\n<\/div>\n<\/div>\n<p>[\/vc_column_text]<div class=\"ult-spacer spacer-6a0948790a163\" data-id=\"6a0948790a163\" data-height=\"60\" data-height-mobile=\"60\" data-height-tab=\"60\" data-height-tab-portrait=\"\" data-height-mobile-landscape=\"\" style=\"clear:both;display:block;\"><\/div>[\/vc_column][\/vc_row][vc_row][vc_column width=&#8221;1\/3&#8243;]\n<div id=\"interactive-banner-1-wrap-6656\" class=\"ult-banner-block ult-adjust-bottom-margin ult-bb-box  banner-style11 \"   style=\"\">\n\t<img decoding=\"async\" src=\"https:\/\/www.xavierrassel.be\/wp-content\/uploads\/2020\/03\/presentation.jpg\" alt=\"null\">\n\t<h3  data-ultimate-target='#interactive-banner-1-wrap-6656 .bb-top-title '  data-responsive-json-new='{\"font-size\":\"\",\"line-height\":\"\"}'  class=\"title-center bb-top-title ult-responsive\" style=\"font-weight:normal;background:#188f93;color:#ffffff;\">Pr\u00e9sentation<\/h3>\n\t<div class=\"mask opaque-background\" style=\"background:rgba(255,255,255,0.14);\">\n\t\t<div  data-ultimate-target='#interactive-banner-1-wrap-6656 .bb-description'  data-responsive-json-new='{\"font-size\":\"\",\"line-height\":\"\"}'  class=\"bb-description ult-responsive\" style=\"font-weight:normal;color:#ffffff;\"><\/div>\n\t<\/div><a class=\"bb-link\" href=\"https:\/\/www.xavierrassel.be\/?page_id=15\" title=\"Pr\u00e9sentation\" ><\/a>\n<\/div>[\/vc_column][vc_column width=&#8221;1\/3&#8243;]\n<div id=\"interactive-banner-1-wrap-1832\" class=\"ult-banner-block ult-adjust-bottom-margin ult-bb-box  banner-style11 \"   style=\"\">\n\t<img decoding=\"async\" src=\"https:\/\/www.xavierrassel.be\/wp-content\/uploads\/2020\/03\/newaxtivite.jpg\" alt=\"null\">\n\t<h3  data-ultimate-target='#interactive-banner-1-wrap-1832 .bb-top-title '  data-responsive-json-new='{\"font-size\":\"\",\"line-height\":\"\"}'  class=\"title-center bb-top-title ult-responsive\" style=\"font-weight:normal;background:#188f93;color:#ffffff;\">Mes activit\u00e9s<\/h3>\n\t<div class=\"mask opaque-background\" style=\"background:rgba(255,255,255,0.14);\">\n\t\t<div  data-ultimate-target='#interactive-banner-1-wrap-1832 .bb-description'  data-responsive-json-new='{\"font-size\":\"\",\"line-height\":\"\"}'  class=\"bb-description ult-responsive\" style=\"font-weight:normal;color:#ffffff;\"><\/div>\n\t<\/div><a class=\"bb-link\" href=\"https:\/\/www.xavierrassel.be\/?page_id=17\" title=\"Mes activit\u00e9s\" ><\/a>\n<\/div>[\/vc_column][vc_column width=&#8221;1\/3&#8243;]\n<div id=\"interactive-banner-1-wrap-2958\" class=\"ult-banner-block ult-adjust-bottom-margin ult-bb-box  banner-style11 \"   style=\"\">\n\t<img decoding=\"async\" src=\"https:\/\/www.xavierrassel.be\/wp-content\/uploads\/2020\/03\/art-therapie-definitions.jpeg\" alt=\"null\">\n\t<h3  data-ultimate-target='#interactive-banner-1-wrap-2958 .bb-top-title '  data-responsive-json-new='{\"font-size\":\"\",\"line-height\":\"\"}'  class=\"title-center bb-top-title ult-responsive\" style=\"font-weight:normal;background:#188f93;color:#ffffff;\">Lexique<\/h3>\n\t<div class=\"mask opaque-background\" style=\"background:rgba(255,255,255,0.14);\">\n\t\t<div  data-ultimate-target='#interactive-banner-1-wrap-2958 .bb-description'  data-responsive-json-new='{\"font-size\":\"\",\"line-height\":\"\"}'  class=\"bb-description ult-responsive\" style=\"font-weight:normal;color:#ffffff;\"><\/div>\n\t<\/div><a class=\"bb-link\" href=\"https:\/\/www.xavierrassel.be\/?page_id=19\" title=\"Lexique\" ><\/a>\n<\/div>[\/vc_column][\/vc_row][vc_row][vc_column]<div class=\"ult-spacer spacer-6a0948790b0ba\" data-id=\"6a0948790b0ba\" data-height=\"80\" data-height-mobile=\"80\" data-height-tab=\"80\" data-height-tab-portrait=\"\" data-height-mobile-landscape=\"\" style=\"clear:both;display:block;\"><\/div>[\/vc_column][\/vc_row][vc_section][vc_row el_id=&#8221;contact&#8221;][vc_column][vc_custom_heading text=&#8221;CONTACT&#8221; font_container=&#8221;tag:h2|font_size:36|text_align:center|color:%23444444&#8243; google_fonts=&#8221;font_family:Oxygen%3A300%2Cregular%2C700|font_style:400%20regular%3A400%3Anormal&#8221;][vc_separator color=&#8221;custom&#8221; el_width=&#8221;10&#8243; accent_color=&#8221;#188f93&#8243;][\/vc_column][\/vc_row][\/vc_section][vc_row bg_type=&#8221;bg_color&#8221; bg_override=&#8221;full&#8221; bg_color_value=&#8221;#188f93&#8243;][vc_column width=&#8221;1\/2&#8243;][vc_tta_accordion active_section=&#8221;1&#8243;][vc_tta_section title=&#8221;Informations pratiques&#8221; tab_id=&#8221;1582884929026-083d64bc-f5d2&#8243;][vc_column_text]<span style=\"color: #686868;\">Je pratique actuellement en priv\u00e9 \u00e0 la <strong>r<b>ue Balthasar-Florence, 17 \u00e0 5000, Namur.<\/b><\/strong><\/span><\/p>\n<p><span style=\"color: #686868;\"><strong>0498\/14 48 75<\/strong><\/span><\/p>\n<p><span style=\"color: #686868;\"><strong>contact@xavierrassel.be<\/strong><\/span>[\/vc_column_text][\/vc_tta_section][vc_tta_section title=&#8221;Conditions d&#8217;annulation des consultations&#8221; tab_id=&#8221;1582884929048-5fe9fe1c-1077&#8243;][vc_column_text]Toute consultation non annul\u00e9e au minimum deux jours ouvrables (48 heures) au pr\u00e9alable est consid\u00e9r\u00e9e comme due (les samedis, dimanches et jours f\u00e9ri\u00e9s ne sont pas des jours ouvrables).<\/p>\n<p>Afin d\u2019\u00e9viter tout malentendu, si vous \u00eates dans l\u2019impossibilit\u00e9 de venir \u00e0 une consultation, je vous demande de bien vouloir l\u2019annuler (48h au pr\u00e9alable), exclusivement en me contactant personnellement par t\u00e9l\u00e9phone\u00a0ou en laissant votre message sur ma bo\u00eete vocale.<\/p>\n<p>Je ne prends pas en compte les annulations effectu\u00e9es par mail, SMS ou par l\u2019interm\u00e9diaire d\u2019un r\u00e9seau social.<\/p>\n<h6>Je vous remercie pour votre compr\u00e9hension.<\/h6>\n<p>[\/vc_column_text][\/vc_tta_section][\/vc_tta_accordion][vc_gmaps link=&#8221;#E-8_JTNDaWZyYW1lJTIwc3JjJTNEJTIyaHR0cHMlM0ElMkYlMkZ3d3cuZ29vZ2xlLmNvbSUyRm1hcHMlMkZlbWJlZCUzRnBiJTNEJTIxMW0xOCUyMTFtMTIlMjExbTMlMjExZDI1MzkuNjgxNTE1ODkwOTA1MyUyMTJkNC44NDI0MzkzMTU4OTY0ODY1JTIxM2Q1MC40NjU2NTUwOTQxNDk5NDUlMjEybTMlMjExZjAlMjEyZjAlMjEzZjAlMjEzbTIlMjExaTEwMjQlMjEyaTc2OCUyMTRmMTMuMSUyMTNtMyUyMTFtMiUyMTFzMHg0N2MxOWJkODBlNzRjOTlkJTI1M0EweGMyOTc3NDdlNGRhNmFlYWUlMjEyc1J1ZSUyNTIwQmFsdGhhc2FyLUZsb3JlbmNlJTI1MjAxNyUyNTJDJTI1MjA1MDAwJTI1MjBOYW11ciUyMTVlMCUyMTNtMiUyMTFzZnIlMjEyc2JlJTIxNHYxNjA0MDc1ODM0MDI4JTIxNW0yJTIxMXNmciUyMTJzYmUlMjIlMjB3aWR0aCUzRCUyMjYwMCUyMiUyMGhlaWdodCUzRCUyMjQ1MCUyMiUyMGZyYW1lYm9yZGVyJTNEJTIyMCUyMiUyMHN0eWxlJTNEJTIyYm9yZGVyJTNBMCUzQiUyMiUyMGFsbG93ZnVsbHNjcmVlbiUzRCUyMiUyMiUyMGFyaWEtaGlkZGVuJTNEJTIyZmFsc2UlMjIlMjB0YWJpbmRleCUzRCUyMjAlMjIlM0UlM0MlMkZpZnJhbWUlM0U=&#8221; size=&#8221;300px&#8221;][\/vc_column][vc_column width=&#8221;1\/2&#8243;]\n<div class=\"wpcf7 no-js\" id=\"wpcf7-f40-o1\" lang=\"fr-FR\" dir=\"ltr\" data-wpcf7-id=\"40\">\n<div class=\"screen-reader-response\"><p role=\"status\" aria-live=\"polite\" aria-atomic=\"true\"><\/p> <ul><\/ul><\/div>\n<form action=\"\/index.php?rest_route=%2Fwp%2Fv2%2Fpages%2F25#wpcf7-f40-o1\" method=\"post\" class=\"wpcf7-form init\" aria-label=\"Formulaire de contact\" novalidate=\"novalidate\" data-status=\"init\">\n<fieldset class=\"hidden-fields-container\"><input type=\"hidden\" name=\"_wpcf7\" value=\"40\" \/><input type=\"hidden\" name=\"_wpcf7_version\" value=\"6.1.6\" \/><input type=\"hidden\" name=\"_wpcf7_locale\" value=\"fr_FR\" \/><input type=\"hidden\" name=\"_wpcf7_unit_tag\" value=\"wpcf7-f40-o1\" \/><input type=\"hidden\" name=\"_wpcf7_container_post\" value=\"0\" \/><input type=\"hidden\" name=\"_wpcf7_posted_data_hash\" value=\"\" \/><input type=\"hidden\" name=\"_wpcf7_recaptcha_response\" value=\"\" \/>\n<\/fieldset>\n<p class=\"form1\"><br \/>\n<span class=\"wpcf7-form-control-wrap\" data-name=\"your-name\"><input size=\"40\" maxlength=\"400\" class=\"wpcf7-form-control wpcf7-text wpcf7-validates-as-required textfield1\" aria-required=\"true\" aria-invalid=\"false\" placeholder=\"Votre nom\" value=\"\" type=\"text\" name=\"your-name\" \/><\/span><br \/>\n<span class=\"wpcf7-form-control-wrap\" data-name=\"your-email\"><input size=\"40\" maxlength=\"400\" class=\"wpcf7-form-control wpcf7-email wpcf7-validates-as-required wpcf7-text wpcf7-validates-as-email emailfield1\" aria-required=\"true\" aria-invalid=\"false\" placeholder=\"Votre email\" value=\"\" type=\"email\" name=\"your-email\" \/><\/span><br \/>\n<span class=\"wpcf7-form-control-wrap\" data-name=\"your-message\"><textarea cols=\"40\" rows=\"10\" maxlength=\"2000\" class=\"wpcf7-form-control wpcf7-textarea wpcf7-validates-as-required textarea1\" aria-required=\"true\" aria-invalid=\"false\" placeholder=\"Votre message\" name=\"your-message\"><\/textarea><\/span>\n<\/p>\n<p><input class=\"wpcf7-form-control wpcf7-submit has-spinner submit1\" type=\"submit\" value=\"Envoyer\" \/>\n<\/p><div class=\"wpcf7-response-output\" aria-hidden=\"true\"><\/div>\n<\/form>\n<\/div>\n[\/vc_column][\/vc_row]<\/p>\n","protected":false},"excerpt":{"rendered":"<p class=\"card-text\">[vc_row][vc_column][\/vc_column][\/vc_row][vc_row][vc_column][vc_custom_heading text=&#8221;XAVIER RASSEL &#8211; PSYCHOLOGUE&#8221; font_container=&#8221;tag:h2|font_size:36|text_align:center|color:%23444444&#8243; google_fonts=&#8221;font_family:Oxygen%3A300%2Cregular%2C700|font_style:400%20regular%3A400%3Anormal&#8221;][vc_separator color=&#8221;custom&#8221; el_width=&#8221;10&#8243; accent_color=&#8221;#188f93&#8243;][vc_column_text] Psychologue clinicien (visa et agr\u00e9ment). Formation extensive en Analyse Transactionnelle. Certifi\u00e9 expert praticien en hypnoth\u00e9rapie. Qualifi\u00e9 en hypnose et en approche communicationnelle \u00e9ricksonienne. Membre effectif de l\u2019Association Europ\u00e9enne de Th\u00e9rapie Familiale. Membre de l\u2019Association Belge pour l\u2019Intervention et la Psychoth\u00e9rapie Familiale Syst\u00e9mique. Psychoth\u00e9rapeute int\u00e9gratif. Formateur. [&#8230;]<\/p>\n<p class=\"m-0\"><a class=\"btn btn-outline-secondary btn-read-more\" href=\"https:\/\/www.xavierrassel.be\/\">Read More<\/a><\/p>\n","protected":false},"author":3,"featured_media":0,"parent":0,"menu_order":0,"comment_status":"closed","ping_status":"closed","template":"","meta":{"footnotes":""},"class_list":["post-25","page","type-page","status-publish","hentry"],"_links":{"self":[{"href":"https:\/\/www.xavierrassel.be\/index.php?rest_route=\/wp\/v2\/pages\/25","targetHints":{"allow":["GET"]}}],"collection":[{"href":"https:\/\/www.xavierrassel.be\/index.php?rest_route=\/wp\/v2\/pages"}],"about":[{"href":"https:\/\/www.xavierrassel.be\/index.php?rest_route=\/wp\/v2\/types\/page"}],"author":[{"embeddable":true,"href":"https:\/\/www.xavierrassel.be\/index.php?rest_route=\/wp\/v2\/users\/3"}],"replies":[{"embeddable":true,"href":"https:\/\/www.xavierrassel.be\/index.php?rest_route=%2Fwp%2Fv2%2Fcomments&post=25"}],"version-history":[{"count":45,"href":"https:\/\/www.xavierrassel.be\/index.php?rest_route=\/wp\/v2\/pages\/25\/revisions"}],"predecessor-version":[{"id":196,"href":"https:\/\/www.xavierrassel.be\/index.php?rest_route=\/wp\/v2\/pages\/25\/revisions\/196"}],"wp:attachment":[{"href":"https:\/\/www.xavierrassel.be\/index.php?rest_route=%2Fwp%2Fv2%2Fmedia&parent=25"}],"curies":[{"name":"wp","href":"https:\/\/api.w.org\/{rel}","templated":true}]}}